{"id":849,"date":"2022-01-16T08:13:20","date_gmt":"2022-01-16T11:13:20","guid":{"rendered":"https:\/\/djchoquito.com.br\/?page_id=849"},"modified":"2024-06-21T08:05:36","modified_gmt":"2024-06-21T11:05:36","slug":"politica-de-privacidade","status":"publish","type":"page","link":"https:\/\/djchoquito.com.br\/en\/politica-de-privacidade\/","title":{"rendered":"Pol\u00edtica de Privacidade"},"content":{"rendered":"<p>O DJ Choquito n\u00e3o apenas se preocupa com a privacidade na internet como a defende. Dessa forma, nos comprometemos a seguir as regras da LGPD \u2013 Lei Geral de Prote\u00e7\u00e3o de Dados Pessoais, seguindo seus fundamentos:<\/p>\n\n\n\n<p>I \u2013 o respeito \u00e0 privacidade;<\/p>\n\n\n\n<p>II \u2013 a autodetermina\u00e7\u00e3o informativa;<\/p>\n\n\n\n<p>III \u2013 a liberdade de express\u00e3o, de informa\u00e7\u00e3o, de comunica\u00e7\u00e3o e de opini\u00e3o;<\/p>\n\n\n\n<p>IV \u2013 a inviolabilidade da intimidade, da honra e da imagem;<\/p>\n\n\n\n<p>V \u2013 o desenvolvimento econ\u00f4mico e tecnol\u00f3gico e a inova\u00e7\u00e3o;<\/p>\n\n\n\n<p>VI \u2013 a livre iniciativa, a livre concorr\u00eancia e a defesa do consumidor; e<\/p>\n\n\n\n<p>VII \u2013 os direitos humanos, o livre desenvolvimento da personalidade, a dignidade e o exerc\u00edcio da cidadania pelas pessoas naturais.<\/p>\n\n\n\n<p>Dessa forma, todos os usu\u00e1rios da p\u00e1gina do DJ Choquito tem o direito de:<\/p>\n\n\n\n<p>I \u2013 confirma\u00e7\u00e3o por nossa parte, sobre quais dados ser\u00e3o coletados e como ser\u00e3o tratados<\/p>\n\n\n\n<p>II \u2013 retificar ou excluir qualquer dado fornecido para o site<\/p>\n\n\n\n<p>III \u2013 restringir ou anular a forma como tratamos seus dados<\/p>\n\n\n\n<p>IV \u2013 ter a portabilidade dos dados informados, de forma direta e clara<\/p>\n\n\n\n<p>V \u2013 n\u00e3o ter nenhum dado tratado de forma automatizada, com a inten\u00e7\u00e3o de fazer algum tipo de separa\u00e7\u00e3o que interfira na pessoalidade de cada um<\/p>\n\n\n\n<p>Voc\u00ea poder\u00e1 exercer esses direitos a qualquer momento, enviando um e-mail explicativo e justificativo para <strong>contato@djchoquito.com.br<\/strong><\/p>\n\n\n\n<p>Para fazer contato no sistema, voc\u00ea dever\u00e1 nos informar seu nome, e-mail, e telefone celular no momento do contato, que acontece em nosso formul\u00e1rios de contato. Dessa forma, recebemos os dados desse site e alimentamos a nossa base de dados. Dentro do nosso sistema, esses dados ser\u00e3o usados apenas para fins de suporte, como por exemplo,  para entrar em contato caso interesse em nosso servi\u00e7o, caso haja algo errado com o sistema e envio de e-mails de conte\u00fado.<\/p>\n\n\n\n<p>Usaremos essas informa\u00e7\u00f5es tamb\u00e9m para administrar o tipo de conte\u00fado que exibiremos, de acordo com a contrata\u00e7\u00e3o do servi\u00e7o e da condi\u00e7\u00e3o que o administrador da conta informar ao site.<\/p>\n\n\n\n<p>Caso decidamos usar seus dados para algo al\u00e9m do discriminado, informaremos e pediremos autoriza\u00e7\u00e3o novamente por e-mail.&nbsp;<\/p>\n\n\n\n<p>Como esses dados s\u00e3o prioritariamente para fins de contato, os dados ser\u00e3o guardados pelo tempo em que o usu\u00e1rio estiver ativo no sistema.<\/p>\n\n\n\n<p>N\u00e3o usaremos suas informa\u00e7\u00f5es para repassar a terceiros e n\u00e3o coletamos nenhum dado sens\u00edvel como sua religi\u00e3o ou similares.<\/p>\n\n\n\n<p>Ao utilizar nossos servi\u00e7os, voc\u00ea est\u00e1 de acordo com essa Pol\u00edtica de Privacidade e todo o conte\u00fado dela. Por\u00e9m, em alguns casos previstos em lei, os dados poder\u00e3o ser usados sem consentimento, como para cumprimento de obriga\u00e7\u00e3o legal ou regulat\u00f3ria feita pelo controlador, para realiza\u00e7\u00e3o de estudos por \u00f3rg\u00e3o de pesquisa, para prote\u00e7\u00e3o da vida ou da incolumidade f\u00edsica do titular, entre outros que voc\u00ea pode verificar na <a href=\"http:\/\/legislacao.planalto.gov.br\/legisla\/legislacao.nsf\/Viw_Identificacao\/lei%2013.709-2018?OpenDocument\" target=\"_blank\" rel=\"noreferrer noopener\"><strong>LEI N\u00ba 13.709<\/strong><\/a>.<\/p>\n\n\n\n<p>Usamos alguns cookies no nosso site como do Google Ads, Facebook Ads, Google Analytics, Hotjar. Esses cookies s\u00e3o pequenas formas de armazenar alguns dados do usu\u00e1rio, a fim de potencializar nossa comunica\u00e7\u00e3o e a sua experi\u00eancia com o sistema como por exemplo te lembrando algumas de suas prefer\u00eancias no sistema. Voc\u00ea pode se opor ao uso destes cookies, desativando essa op\u00e7\u00e3o no seu pr\u00f3prio navegador.<\/p>\n\n\n\n<p>Esse documento est\u00e1 sendo atualizado no dia 16 de janeiro de 2022 e nos comprometemos que, a qualquer nova altera\u00e7\u00e3o, enviaremos um email de aviso.&nbsp;<\/p>\n\n\n\n<p>Para d\u00favidas e maiores informa\u00e7\u00f5es, entre em contato pelo e-mail <strong>contato@djchoquito.com.br<\/strong><br>Ou utilize nossas redes sociais:<br><a href=\"http:\/\/instagram.com.br\/djchoquito\" target=\"_blank\" rel=\"noreferrer noopener\">instagram.com.br\/djchoquito<\/a><br><a href=\"http:\/\/facebook.com.br\/djchoquito\" target=\"_blank\" rel=\"noreferrer noopener\">facebook.com.br\/djchoquito<\/a><\/p>\n\n\n\n<p>Att.<\/p>\n\n\n\n<p>Leonardo Silva &#8211; DJ Choquito<\/p>","protected":false},"excerpt":{"rendered":"<p>O DJ Choquito n\u00e3o apenas se preocupa com a privacidade na internet como a defende. Dessa forma, nos comprometemos a seguir as regras da LGPD \u2013 Lei Geral de Prote\u00e7\u00e3o&#8230; (leia mais)<\/p>","protected":false},"author":1,"featured_media":0,"parent":0,"menu_order":0,"comment_status":"closed","ping_status":"closed","template":"","meta":{"postBodyCss":"","postBodyMargin":[],"postBodyPadding":[],"postBodyBackground":{"backgroundType":"classic","gradient":""},"footnotes":""},"class_list":["post-849","page","type-page","status-publish","hentry"],"yoast_head":"<!-- This site is optimized with the Yoast SEO plugin v27.3 - https:\/\/yoast.com\/product\/yoast-seo-wordpress\/ -->\n<title>Pol\u00edtica de Privacidade - DJ Choquito<\/title>\n<meta name=\"description\" content=\"Respeitamos a privacidade dos nossos usu\u00e1rios em nosso site utilzando nossa pol\u00edtica de privacidade.\" \/>\n<meta name=\"robots\" content=\"index, follow, max-snippet:-1, max-image-preview:large, max-video-preview:-1\" \/>\n<link rel=\"canonical\" href=\"https:\/\/djchoquito.com.br\/en\/politica-de-privacidade\/\" \/>\n<meta property=\"og:locale\" content=\"en_US\" \/>\n<meta property=\"og:type\" content=\"article\" \/>\n<meta property=\"og:title\" content=\"Pol\u00edtica de Privacidade - DJ Choquito\" \/>\n<meta property=\"og:description\" content=\"Respeitamos a privacidade dos nossos usu\u00e1rios em nosso site utilzando nossa pol\u00edtica de privacidade.\" \/>\n<meta property=\"og:url\" content=\"https:\/\/djchoquito.com.br\/en\/politica-de-privacidade\/\" \/>\n<meta property=\"og:site_name\" content=\"DJ Choquito\" \/>\n<meta property=\"article:publisher\" content=\"https:\/\/www.facebook.com\/djchoquito\" \/>\n<meta property=\"article:modified_time\" content=\"2024-06-21T11:05:36+00:00\" \/>\n<meta name=\"twitter:card\" content=\"summary_large_image\" \/>\n<meta name=\"twitter:label1\" content=\"Est. reading time\" \/>\n\t<meta name=\"twitter:data1\" content=\"4 minutes\" \/>\n<script type=\"application\/ld+json\" class=\"yoast-schema-graph\">{\"@context\":\"https:\\\/\\\/schema.org\",\"@graph\":[{\"@type\":\"WebPage\",\"@id\":\"https:\\\/\\\/djchoquito.com.br\\\/politica-de-privacidade\\\/\",\"url\":\"https:\\\/\\\/djchoquito.com.br\\\/politica-de-privacidade\\\/\",\"name\":\"Pol\u00edtica de Privacidade - DJ Choquito\",\"isPartOf\":{\"@id\":\"https:\\\/\\\/djchoquito.com.br\\\/#website\"},\"datePublished\":\"2022-01-16T11:13:20+00:00\",\"dateModified\":\"2024-06-21T11:05:36+00:00\",\"description\":\"Respeitamos a privacidade dos nossos usu\u00e1rios em nosso site utilzando nossa pol\u00edtica de privacidade.\",\"breadcrumb\":{\"@id\":\"https:\\\/\\\/djchoquito.com.br\\\/politica-de-privacidade\\\/#breadcrumb\"},\"inLanguage\":\"en-US\",\"potentialAction\":[{\"@type\":\"ReadAction\",\"target\":[\"https:\\\/\\\/djchoquito.com.br\\\/politica-de-privacidade\\\/\"]}]},{\"@type\":\"BreadcrumbList\",\"@id\":\"https:\\\/\\\/djchoquito.com.br\\\/politica-de-privacidade\\\/#breadcrumb\",\"itemListElement\":[{\"@type\":\"ListItem\",\"position\":1,\"name\":\"In\u00edcio\",\"item\":\"https:\\\/\\\/djchoquito.com.br\\\/\"},{\"@type\":\"ListItem\",\"position\":2,\"name\":\"Pol\u00edtica de Privacidade\"}]},{\"@type\":\"WebSite\",\"@id\":\"https:\\\/\\\/djchoquito.com.br\\\/#website\",\"url\":\"https:\\\/\\\/djchoquito.com.br\\\/\",\"name\":\"DJ Choquito\",\"description\":\"Dicas de DJ para Iniciantes e Profissionais | Dicas para Sua Festa ou Evento\",\"publisher\":{\"@id\":\"https:\\\/\\\/djchoquito.com.br\\\/#\\\/schema\\\/person\\\/233534aa25191ce05dd12a5c1c887c1a\"},\"potentialAction\":[{\"@type\":\"SearchAction\",\"target\":{\"@type\":\"EntryPoint\",\"urlTemplate\":\"https:\\\/\\\/djchoquito.com.br\\\/?s={search_term_string}\"},\"query-input\":{\"@type\":\"PropertyValueSpecification\",\"valueRequired\":true,\"valueName\":\"search_term_string\"}}],\"inLanguage\":\"en-US\"},{\"@type\":[\"Person\",\"Organization\"],\"@id\":\"https:\\\/\\\/djchoquito.com.br\\\/#\\\/schema\\\/person\\\/233534aa25191ce05dd12a5c1c887c1a\",\"name\":\"Leonardo Silva (DJ Choquito)\",\"image\":{\"@type\":\"ImageObject\",\"inLanguage\":\"en-US\",\"@id\":\"https:\\\/\\\/djchoquito.com.br\\\/wp-content\\\/uploads\\\/2019\\\/08\\\/Logo-DJ-Choquito-2019-e1699882980233.png\",\"url\":\"https:\\\/\\\/djchoquito.com.br\\\/wp-content\\\/uploads\\\/2019\\\/08\\\/Logo-DJ-Choquito-2019-e1699882980233.png\",\"contentUrl\":\"https:\\\/\\\/djchoquito.com.br\\\/wp-content\\\/uploads\\\/2019\\\/08\\\/Logo-DJ-Choquito-2019-e1699882980233.png\",\"width\":228,\"height\":90,\"caption\":\"Leonardo Silva (DJ Choquito)\"},\"logo\":{\"@id\":\"https:\\\/\\\/djchoquito.com.br\\\/wp-content\\\/uploads\\\/2019\\\/08\\\/Logo-DJ-Choquito-2019-e1699882980233.png\"},\"sameAs\":[\"http:\\\/\\\/www.djchoquito.com.br\",\"https:\\\/\\\/www.facebook.com\\\/djchoquito\",\"https:\\\/\\\/www.instagram.com\\\/djchoquito\",\"https:\\\/\\\/www.youtube.com\\\/@DJChoquito\"]}]}<\/script>\n<!-- \/ Yoast SEO plugin. -->","yoast_head_json":{"title":"Pol\u00edtica de Privacidade - DJ Choquito","description":"Respeitamos a privacidade dos nossos usu\u00e1rios em nosso site utilzando nossa pol\u00edtica de privacidade.","robots":{"index":"index","follow":"follow","max-snippet":"max-snippet:-1","max-image-preview":"max-image-preview:large","max-video-preview":"max-video-preview:-1"},"canonical":"https:\/\/djchoquito.com.br\/en\/politica-de-privacidade\/","og_locale":"en_US","og_type":"article","og_title":"Pol\u00edtica de Privacidade - DJ Choquito","og_description":"Respeitamos a privacidade dos nossos usu\u00e1rios em nosso site utilzando nossa pol\u00edtica de privacidade.","og_url":"https:\/\/djchoquito.com.br\/en\/politica-de-privacidade\/","og_site_name":"DJ Choquito","article_publisher":"https:\/\/www.facebook.com\/djchoquito","article_modified_time":"2024-06-21T11:05:36+00:00","twitter_card":"summary_large_image","twitter_misc":{"Est. reading time":"4 minutes"},"schema":{"@context":"https:\/\/schema.org","@graph":[{"@type":"WebPage","@id":"https:\/\/djchoquito.com.br\/politica-de-privacidade\/","url":"https:\/\/djchoquito.com.br\/politica-de-privacidade\/","name":"Pol\u00edtica de Privacidade - DJ Choquito","isPartOf":{"@id":"https:\/\/djchoquito.com.br\/#website"},"datePublished":"2022-01-16T11:13:20+00:00","dateModified":"2024-06-21T11:05:36+00:00","description":"Respeitamos a privacidade dos nossos usu\u00e1rios em nosso site utilzando nossa pol\u00edtica de privacidade.","breadcrumb":{"@id":"https:\/\/djchoquito.com.br\/politica-de-privacidade\/#breadcrumb"},"inLanguage":"en-US","potentialAction":[{"@type":"ReadAction","target":["https:\/\/djchoquito.com.br\/politica-de-privacidade\/"]}]},{"@type":"BreadcrumbList","@id":"https:\/\/djchoquito.com.br\/politica-de-privacidade\/#breadcrumb","itemListElement":[{"@type":"ListItem","position":1,"name":"In\u00edcio","item":"https:\/\/djchoquito.com.br\/"},{"@type":"ListItem","position":2,"name":"Pol\u00edtica de Privacidade"}]},{"@type":"WebSite","@id":"https:\/\/djchoquito.com.br\/#website","url":"https:\/\/djchoquito.com.br\/","name":"DJ Choquito","description":"Dicas de DJ para Iniciantes e Profissionais | Dicas para Sua Festa ou Evento","publisher":{"@id":"https:\/\/djchoquito.com.br\/#\/schema\/person\/233534aa25191ce05dd12a5c1c887c1a"},"potentialAction":[{"@type":"SearchAction","target":{"@type":"EntryPoint","urlTemplate":"https:\/\/djchoquito.com.br\/?s={search_term_string}"},"query-input":{"@type":"PropertyValueSpecification","valueRequired":true,"valueName":"search_term_string"}}],"inLanguage":"en-US"},{"@type":["Person","Organization"],"@id":"https:\/\/djchoquito.com.br\/#\/schema\/person\/233534aa25191ce05dd12a5c1c887c1a","name":"Leonardo Silva (DJ Choquito)","image":{"@type":"ImageObject","inLanguage":"en-US","@id":"https:\/\/djchoquito.com.br\/wp-content\/uploads\/2019\/08\/Logo-DJ-Choquito-2019-e1699882980233.png","url":"https:\/\/djchoquito.com.br\/wp-content\/uploads\/2019\/08\/Logo-DJ-Choquito-2019-e1699882980233.png","contentUrl":"https:\/\/djchoquito.com.br\/wp-content\/uploads\/2019\/08\/Logo-DJ-Choquito-2019-e1699882980233.png","width":228,"height":90,"caption":"Leonardo Silva (DJ Choquito)"},"logo":{"@id":"https:\/\/djchoquito.com.br\/wp-content\/uploads\/2019\/08\/Logo-DJ-Choquito-2019-e1699882980233.png"},"sameAs":["http:\/\/www.djchoquito.com.br","https:\/\/www.facebook.com\/djchoquito","https:\/\/www.instagram.com\/djchoquito","https:\/\/www.youtube.com\/@DJChoquito"]}]}},"_links":{"self":[{"href":"https:\/\/djchoquito.com.br\/en\/wp-json\/wp\/v2\/pages\/849","targetHints":{"allow":["GET"]}}],"collection":[{"href":"https:\/\/djchoquito.com.br\/en\/wp-json\/wp\/v2\/pages"}],"about":[{"href":"https:\/\/djchoquito.com.br\/en\/wp-json\/wp\/v2\/types\/page"}],"author":[{"embeddable":true,"href":"https:\/\/djchoquito.com.br\/en\/wp-json\/wp\/v2\/users\/1"}],"replies":[{"embeddable":true,"href":"https:\/\/djchoquito.com.br\/en\/wp-json\/wp\/v2\/comments?post=849"}],"version-history":[{"count":5,"href":"https:\/\/djchoquito.com.br\/en\/wp-json\/wp\/v2\/pages\/849\/revisions"}],"predecessor-version":[{"id":2181,"href":"https:\/\/djchoquito.com.br\/en\/wp-json\/wp\/v2\/pages\/849\/revisions\/2181"}],"wp:attachment":[{"href":"https:\/\/djchoquito.com.br\/en\/wp-json\/wp\/v2\/media?parent=849"}],"curies":[{"name":"wp","href":"https:\/\/api.w.org\/{rel}","templated":true}]}}