{"id":1733,"date":"2023-11-03T19:19:14","date_gmt":"2023-11-03T22:19:14","guid":{"rendered":"https:\/\/djchoquito.com.br\/?page_id=1733"},"modified":"2025-02-08T08:52:46","modified_gmt":"2025-02-08T11:52:46","slug":"curso-de-dj-online","status":"publish","type":"page","link":"https:\/\/djchoquito.com.br\/en\/curso-de-dj-online\/","title":{"rendered":"Online DJ Course"},"content":{"rendered":"<p>Quer aprender a ser DJ de forma online, mas est\u00e1 perdido por n\u00e3o saber qual \u00e9 o melhor curso? Eu posso lhe ajudar! <\/p>\n\n\n\n<p>Existe um m\u00e9todo passo-a passo que ir\u00e1 te guiar para que voc\u00ea possa entender todo o processo de mixagem da forma mais r\u00e1pida e pr\u00e1tica poss\u00edvel.<\/p>\n\n\n<div class=\"wp-block-image\">\n<figure class=\"aligncenter size-full is-resized\"><a href=\"https:\/\/go.hotmart.com\/X88140620E\" target=\"_blank\" rel=\"noreferrer noopener\"><img fetchpriority=\"high\" decoding=\"async\" width=\"1080\" height=\"500\" src=\"https:\/\/djchoquito.com.br\/wp-content\/uploads\/2023\/11\/curso-de-dj-online.png\" alt=\"Curso de DJ online -  Clique aqui\" class=\"wp-image-1734\" style=\"width:685px;height:auto\" srcset=\"https:\/\/djchoquito.com.br\/wp-content\/uploads\/2023\/11\/curso-de-dj-online.png 1080w, https:\/\/djchoquito.com.br\/wp-content\/uploads\/2023\/11\/curso-de-dj-online-300x139.png 300w, https:\/\/djchoquito.com.br\/wp-content\/uploads\/2023\/11\/curso-de-dj-online-1024x474.png 1024w, https:\/\/djchoquito.com.br\/wp-content\/uploads\/2023\/11\/curso-de-dj-online-768x356.png 768w\" sizes=\"(max-width: 1080px) 100vw, 1080px\" \/><\/a><\/figure>\n<\/div>\n\n\n<p>Aprenda a ser DJ profissional do zero ao avan\u00e7ado.&nbsp;Apresentando tutoriais em v\u00eddeo passo a passo f\u00e1ceis de seguir, este curso abrangente far\u00e1 com que voc\u00ea mixe, fa\u00e7a scratch e produza m\u00fasica como um profissional em pouco tempo.<\/p>\n\n\n\n<p>Assista a aulas de DJ online como um profissional com tutoriais em v\u00eddeo passo a passo f\u00e1ceis de seguir.<\/p>\n\n\n\n<div class=\"wp-block-cover is-light\" style=\"padding-top:var(--wp--preset--spacing--50);padding-right:var(--wp--preset--spacing--50);padding-bottom:var(--wp--preset--spacing--50);padding-left:var(--wp--preset--spacing--50)\"><span aria-hidden=\"true\" class=\"wp-block-cover__background has-light-green-cyan-background-color has-background-dim-60 has-background-dim\"><\/span><div class=\"wp-block-cover__inner-container is-layout-flow wp-block-cover-is-layout-flow\">\n<h2 class=\"wp-block-heading has-text-align-center\">O curso de DJ \u00e9 para quem?<\/h2>\n\n\n<div class=\"wp-block-image is-style-rounded\">\n<figure class=\"alignleft size-full is-resized\"><img decoding=\"async\" width=\"785\" height=\"520\" src=\"https:\/\/djchoquito.com.br\/wp-content\/uploads\/2023\/10\/image-1697667923-scaled-e1703332512107.jpg\" alt=\"Curso de DJ\" class=\"wp-image-1406\" style=\"width:322px;height:auto\"\/><\/figure>\n<\/div>\n\n\n<p>Mergulhe no mundo dos DJ&#8217;s com este curso e para iniciantes, amadores e profissionais.&nbsp;Aprenda o b\u00e1sico, desde configurar seu equipamento at\u00e9 misturar g\u00eaneros e estilos para obter um som verdadeiramente \u00fanico.<\/p>\n\n\n\n<p>Este curso \u00e9 hospedado na melhor plataforma de ensino do Brasil, voc\u00ea tem a liberdade de assistir \u00e0s aulas no seu pr\u00f3prio hor\u00e1rio, em qualquer lugar, seja no celular, na TV ou no computador. O que mais te conv\u00e9m!<\/p>\n<\/div><\/div>\n\n\n\n<h2 class=\"wp-block-heading\">O que voc\u00ea ir\u00e1 aprender?<\/h2>\n\n\n\n<ul class=\"wp-block-list\">\n<li>Abordagem Sobre Os Principais Equipamentos Para Dj\u00b4S<\/li>\n\n\n\n<li>Mixagem Na Teoria<\/li>\n\n\n\n<li>Mixagem Na Pr\u00e1tica<\/li>\n\n\n\n<li>Softwares Para Dj\u00b4S<\/li>\n\n\n\n<li>Efeitos<\/li>\n\n\n\n<li>Dicas Para Compra De Equipamento<\/li>\n\n\n\n<li>A Melhor Forma De Montar O Seu Set<\/li>\n\n\n\n<li>Abordagem Sobre Mixagem De Outros Estilos Musicais (FUNK)<\/li>\n\n\n\n<li>Dicas Para Quem Quer Iniciar Na Produ\u00e7\u00e3o<\/li>\n<\/ul>\n\n\n<div class=\"wp-block-image\">\n<figure class=\"aligncenter size-large\"><img decoding=\"async\" src=\"https:\/\/djchoquito.com.br\/wp-content\/uploads\/2023\/11\/como-ser-dj-curso-1024x474.png\" alt=\"\" class=\"wp-image-1735\"\/><\/figure>\n<\/div>\n\n\n<h2 class=\"wp-block-heading has-text-align-center\">Vantagens<\/h2>\n\n\n\n<ol class=\"wp-block-list\">\n<li> Acesso a conte\u00fado atualizado: Nosso produto oferece acesso a conte\u00fado atualizado sobre as habilidades necess\u00e1rias para ser um DJ de sucesso. Voc\u00ea ter\u00e1 acesso a t\u00e9cnicas de mixagem, produ\u00e7\u00e3o musical, marketing digital e outras habilidades essenciais para se destacar no mercado.<\/li>\n\n\n\n<li>Aprendizado acelerado: Com o nosso produto, voc\u00ea poder\u00e1 acelerar o desenvolvimento da sua carreira de DJ e produtor em pelo menos 5 vezes. Nossos materiais de estudo s\u00e3o estruturados de forma a otimizar o seu aprendizado, permitindo que voc\u00ea absorva o conhecimento de forma mais r\u00e1pida e eficiente.<\/li>\n\n\n\n<li>Prepara\u00e7\u00e3o para o mercado: Al\u00e9m de ensinar as habilidades t\u00e9cnicas necess\u00e1rias, nosso produto tamb\u00e9m te prepara para o mercado de forma verdadeira e atualizada. Voc\u00ea aprender\u00e1 sobre as tend\u00eancias da ind\u00fastria da m\u00fasica, como se posicionar como um profissional no mercado, como conseguir oportunidades de trabalho e muito mais. Estar\u00e1 preparado para enfrentar os desafios e aproveitar as oportunidades que surgirem em sua carreira de DJ.<\/li>\n<\/ol>\n\n\n\n<h2 class=\"wp-block-heading has-text-align-center\">Comece hoje mesmo a sua carreira de Dj!<\/h2>\n\n\n\n<p>Com sua abordagem abrangente, voc\u00ea ser\u00e1 capaz de dominar os fundamentos da mixagem rapidamente.&nbsp;O que voc\u00ea est\u00e1 esperando?&nbsp;Comece sua jornada para se tornar um DJ profissional hoje.<\/p>\n\n\n\n<div class=\"wp-block-buttons is-content-justification-center is-layout-flex wp-container-core-buttons-is-layout-16018d1d wp-block-buttons-is-layout-flex\">\n<div class=\"wp-block-button has-custom-width wp-block-button__width-75 is-style-fill\"><a class=\"wp-block-button__link has-black-color has-text-color has-background has-text-align-center wp-element-button\" href=\"https:\/\/go.hotmart.com\/X88140620E?dp=1\" style=\"background-color:#19c46e\" target=\"_blank\" rel=\"noreferrer noopener\"><strong>GARANTIR MEU CURSO DE DJ AGORA!<\/strong><\/a><\/div>\n<\/div>\n\n\n \n<div data-block=\"gutenkit\/container\" data-post-id=\"1733\" id=\"block-7df3a3dc-5f1d-44ba-bba8-0d48c5d8f273\" class=\"wp-block-gutenkit-container gkit-block-custom-wide deals--cta-section gkit-block-7df3a3dc-5f1d-44ba-bba8-0d48c5d8f273 gutenkit-block\"><div class=\"gkit-container-overlay\"><\/div><div class=\"gkit-block__inner\"> \n<div data-block=\"gutenkit\/heading\" data-post-id=\"1733\" class=\"wp-block-gutenkit-heading gkit-heading-border-position-start gkit-block-62973f0e-85f0-4eb4-bca7-a1d789118fb9 gutenkit-block\" id=\"block-62973f0e-85f0-4eb4-bca7-a1d789118fb9\"><h4 class=\"gkit-heading-title\">Aprenda a ser DJ!<\/h4><div class=\"gkit-heading-description\"><p>Seja voc\u00ea um DJ inexperiente ou um profissional, nossas dicas e truques ajudar\u00e3o voc\u00ea a melhorar suas habilidades. Se ainda n\u00e3o tem habilidades aprenda neste curso para ser um DJ.<\/p><\/div><\/div>\n \n\n \n<div data-block=\"gutenkit\/button\" data-post-id=\"1733\" id=\"block-caafd931-5319-4faa-a7ae-e5ff847138e0\" class=\"wp-block-gutenkit-button alignwide gkit-block-caafd931-5319-4faa-a7ae-e5ff847138e0 gutenkit-block\"><div class=\"gkit-btn-wraper\"><a class=\"gkit-btn\" href=\"https:\/\/djchoquito.com.br\/en\/curso-de-dj-online\/\" target=\"_blank\" rel=\"noopener\">FA\u00c7A AQUI SEU CURSO DE DJ<div class=\"icon-right\"><svg xmlns=\"http:\/\/www.w3.org\/2000\/svg\" viewbox=\"0 0 512 512\" class=\"gkit-icon\"><path d=\"M352 96l64 0c17.7 0 32 14.3 32 32l0 256c0 17.7-14.3 32-32 32l-64 0c-17.7 0-32 14.3-32 32s14.3 32 32 32l64 0c53 0 96-43 96-96l0-256c0-53-43-96-96-96l-64 0c-17.7 0-32 14.3-32 32s14.3 32 32 32zm-9.4 182.6c12.5-12.5 12.5-32.8 0-45.3l-128-128c-12.5-12.5-32.8-12.5-45.3 0s-12.5 32.8 0 45.3L242.7 224 32 224c-17.7 0-32 14.3-32 32s14.3 32 32 32l210.7 0-73.4 73.4c-12.5 12.5-12.5 32.8 0 45.3s32.8 12.5 45.3 0l128-128z\"\/><\/svg><\/div><\/a><\/div><\/div>\n <\/div><\/div>","protected":false},"excerpt":{"rendered":"<p>Aprenda as habilidades necess\u00e1rias para se tornar um DJ profissional, incluindo mixagem, compasso e senso de tempo, entre outras. Curso DJ online<\/p>","protected":false},"author":1,"featured_media":1406,"parent":0,"menu_order":0,"comment_status":"closed","ping_status":"closed","template":"","meta":{"postBodyCss":"","postBodyMargin":[],"postBodyPadding":[],"postBodyBackground":{"backgroundType":"classic","gradient":""},"footnotes":""},"class_list":["post-1733","page","type-page","status-publish","has-post-thumbnail","hentry"],"yoast_head":"<!-- This site is optimized with the Yoast SEO plugin v27.3 - https:\/\/yoast.com\/product\/yoast-seo-wordpress\/ -->\n<title>Curso de DJ Online<\/title>\n<meta name=\"description\" content=\"Aprenda as habilidades necess\u00e1rias para se tornar um DJ profissional, incluindo mixagem, compasso e senso de tempo, entre outras.\" \/>\n<meta name=\"robots\" content=\"index, follow, max-snippet:-1, max-image-preview:large, max-video-preview:-1\" \/>\n<link rel=\"canonical\" href=\"https:\/\/djchoquito.com.br\/en\/curso-de-dj-online\/\" \/>\n<meta property=\"og:locale\" content=\"en_US\" \/>\n<meta property=\"og:type\" content=\"article\" \/>\n<meta property=\"og:title\" content=\"Curso de DJ Online\" \/>\n<meta property=\"og:description\" content=\"Aprenda as habilidades necess\u00e1rias para se tornar um DJ profissional, incluindo mixagem, compasso e senso de tempo, entre outras.\" \/>\n<meta property=\"og:url\" content=\"https:\/\/djchoquito.com.br\/en\/curso-de-dj-online\/\" \/>\n<meta property=\"og:site_name\" content=\"DJ Choquito\" \/>\n<meta property=\"article:publisher\" content=\"https:\/\/www.facebook.com\/djchoquito\" \/>\n<meta property=\"article:modified_time\" content=\"2025-02-08T11:52:46+00:00\" \/>\n<meta property=\"og:image\" content=\"https:\/\/djchoquito.com.br\/wp-content\/uploads\/2023\/10\/image-1697667923-scaled-e1703332512107.jpg\" \/>\n\t<meta property=\"og:image:width\" content=\"785\" \/>\n\t<meta property=\"og:image:height\" content=\"520\" \/>\n\t<meta property=\"og:image:type\" content=\"image\/jpeg\" \/>\n<meta name=\"twitter:card\" content=\"summary_large_image\" \/>\n<meta name=\"twitter:label1\" content=\"Est. reading time\" \/>\n\t<meta name=\"twitter:data1\" content=\"4 minutes\" \/>\n<script type=\"application\/ld+json\" class=\"yoast-schema-graph\">{\"@context\":\"https:\\\/\\\/schema.org\",\"@graph\":[{\"@type\":\"WebPage\",\"@id\":\"https:\\\/\\\/djchoquito.com.br\\\/curso-de-dj-online\\\/\",\"url\":\"https:\\\/\\\/djchoquito.com.br\\\/curso-de-dj-online\\\/\",\"name\":\"Curso de DJ Online\",\"isPartOf\":{\"@id\":\"https:\\\/\\\/djchoquito.com.br\\\/#website\"},\"primaryImageOfPage\":{\"@id\":\"https:\\\/\\\/djchoquito.com.br\\\/curso-de-dj-online\\\/#primaryimage\"},\"image\":{\"@id\":\"https:\\\/\\\/djchoquito.com.br\\\/curso-de-dj-online\\\/#primaryimage\"},\"thumbnailUrl\":\"https:\\\/\\\/djchoquito.com.br\\\/wp-content\\\/uploads\\\/2023\\\/10\\\/image-1697667923-scaled-e1703332512107.jpg\",\"datePublished\":\"2023-11-03T22:19:14+00:00\",\"dateModified\":\"2025-02-08T11:52:46+00:00\",\"description\":\"Aprenda as habilidades necess\u00e1rias para se tornar um DJ profissional, incluindo mixagem, compasso e senso de tempo, entre outras.\",\"breadcrumb\":{\"@id\":\"https:\\\/\\\/djchoquito.com.br\\\/curso-de-dj-online\\\/#breadcrumb\"},\"inLanguage\":\"en-US\",\"potentialAction\":[{\"@type\":\"ReadAction\",\"target\":[\"https:\\\/\\\/djchoquito.com.br\\\/curso-de-dj-online\\\/\"]}]},{\"@type\":\"ImageObject\",\"inLanguage\":\"en-US\",\"@id\":\"https:\\\/\\\/djchoquito.com.br\\\/curso-de-dj-online\\\/#primaryimage\",\"url\":\"https:\\\/\\\/djchoquito.com.br\\\/wp-content\\\/uploads\\\/2023\\\/10\\\/image-1697667923-scaled-e1703332512107.jpg\",\"contentUrl\":\"https:\\\/\\\/djchoquito.com.br\\\/wp-content\\\/uploads\\\/2023\\\/10\\\/image-1697667923-scaled-e1703332512107.jpg\",\"width\":785,\"height\":520},{\"@type\":\"BreadcrumbList\",\"@id\":\"https:\\\/\\\/djchoquito.com.br\\\/curso-de-dj-online\\\/#breadcrumb\",\"itemListElement\":[{\"@type\":\"ListItem\",\"position\":1,\"name\":\"In\u00edcio\",\"item\":\"https:\\\/\\\/djchoquito.com.br\\\/\"},{\"@type\":\"ListItem\",\"position\":2,\"name\":\"Curso de DJ Online\"}]},{\"@type\":\"WebSite\",\"@id\":\"https:\\\/\\\/djchoquito.com.br\\\/#website\",\"url\":\"https:\\\/\\\/djchoquito.com.br\\\/\",\"name\":\"DJ Choquito\",\"description\":\"Dicas de DJ para Iniciantes e Profissionais | Dicas para Sua Festa ou Evento\",\"publisher\":{\"@id\":\"https:\\\/\\\/djchoquito.com.br\\\/#\\\/schema\\\/person\\\/233534aa25191ce05dd12a5c1c887c1a\"},\"potentialAction\":[{\"@type\":\"SearchAction\",\"target\":{\"@type\":\"EntryPoint\",\"urlTemplate\":\"https:\\\/\\\/djchoquito.com.br\\\/?s={search_term_string}\"},\"query-input\":{\"@type\":\"PropertyValueSpecification\",\"valueRequired\":true,\"valueName\":\"search_term_string\"}}],\"inLanguage\":\"en-US\"},{\"@type\":[\"Person\",\"Organization\"],\"@id\":\"https:\\\/\\\/djchoquito.com.br\\\/#\\\/schema\\\/person\\\/233534aa25191ce05dd12a5c1c887c1a\",\"name\":\"Leonardo Silva (DJ Choquito)\",\"image\":{\"@type\":\"ImageObject\",\"inLanguage\":\"en-US\",\"@id\":\"https:\\\/\\\/djchoquito.com.br\\\/wp-content\\\/uploads\\\/2019\\\/08\\\/Logo-DJ-Choquito-2019-e1699882980233.png\",\"url\":\"https:\\\/\\\/djchoquito.com.br\\\/wp-content\\\/uploads\\\/2019\\\/08\\\/Logo-DJ-Choquito-2019-e1699882980233.png\",\"contentUrl\":\"https:\\\/\\\/djchoquito.com.br\\\/wp-content\\\/uploads\\\/2019\\\/08\\\/Logo-DJ-Choquito-2019-e1699882980233.png\",\"width\":228,\"height\":90,\"caption\":\"Leonardo Silva (DJ Choquito)\"},\"logo\":{\"@id\":\"https:\\\/\\\/djchoquito.com.br\\\/wp-content\\\/uploads\\\/2019\\\/08\\\/Logo-DJ-Choquito-2019-e1699882980233.png\"},\"sameAs\":[\"http:\\\/\\\/www.djchoquito.com.br\",\"https:\\\/\\\/www.facebook.com\\\/djchoquito\",\"https:\\\/\\\/www.instagram.com\\\/djchoquito\",\"https:\\\/\\\/www.youtube.com\\\/@DJChoquito\"]}]}<\/script>\n<!-- \/ Yoast SEO plugin. -->","yoast_head_json":{"title":"Online DJ Course","description":"Aprenda as habilidades necess\u00e1rias para se tornar um DJ profissional, incluindo mixagem, compasso e senso de tempo, entre outras.","robots":{"index":"index","follow":"follow","max-snippet":"max-snippet:-1","max-image-preview":"max-image-preview:large","max-video-preview":"max-video-preview:-1"},"canonical":"https:\/\/djchoquito.com.br\/en\/curso-de-dj-online\/","og_locale":"en_US","og_type":"article","og_title":"Curso de DJ Online","og_description":"Aprenda as habilidades necess\u00e1rias para se tornar um DJ profissional, incluindo mixagem, compasso e senso de tempo, entre outras.","og_url":"https:\/\/djchoquito.com.br\/en\/curso-de-dj-online\/","og_site_name":"DJ Choquito","article_publisher":"https:\/\/www.facebook.com\/djchoquito","article_modified_time":"2025-02-08T11:52:46+00:00","og_image":[{"width":785,"height":520,"url":"https:\/\/djchoquito.com.br\/wp-content\/uploads\/2023\/10\/image-1697667923-scaled-e1703332512107.jpg","type":"image\/jpeg"}],"twitter_card":"summary_large_image","twitter_misc":{"Est. reading time":"4 minutes"},"schema":{"@context":"https:\/\/schema.org","@graph":[{"@type":"WebPage","@id":"https:\/\/djchoquito.com.br\/curso-de-dj-online\/","url":"https:\/\/djchoquito.com.br\/curso-de-dj-online\/","name":"Online DJ Course","isPartOf":{"@id":"https:\/\/djchoquito.com.br\/#website"},"primaryImageOfPage":{"@id":"https:\/\/djchoquito.com.br\/curso-de-dj-online\/#primaryimage"},"image":{"@id":"https:\/\/djchoquito.com.br\/curso-de-dj-online\/#primaryimage"},"thumbnailUrl":"https:\/\/djchoquito.com.br\/wp-content\/uploads\/2023\/10\/image-1697667923-scaled-e1703332512107.jpg","datePublished":"2023-11-03T22:19:14+00:00","dateModified":"2025-02-08T11:52:46+00:00","description":"Aprenda as habilidades necess\u00e1rias para se tornar um DJ profissional, incluindo mixagem, compasso e senso de tempo, entre outras.","breadcrumb":{"@id":"https:\/\/djchoquito.com.br\/curso-de-dj-online\/#breadcrumb"},"inLanguage":"en-US","potentialAction":[{"@type":"ReadAction","target":["https:\/\/djchoquito.com.br\/curso-de-dj-online\/"]}]},{"@type":"ImageObject","inLanguage":"en-US","@id":"https:\/\/djchoquito.com.br\/curso-de-dj-online\/#primaryimage","url":"https:\/\/djchoquito.com.br\/wp-content\/uploads\/2023\/10\/image-1697667923-scaled-e1703332512107.jpg","contentUrl":"https:\/\/djchoquito.com.br\/wp-content\/uploads\/2023\/10\/image-1697667923-scaled-e1703332512107.jpg","width":785,"height":520},{"@type":"BreadcrumbList","@id":"https:\/\/djchoquito.com.br\/curso-de-dj-online\/#breadcrumb","itemListElement":[{"@type":"ListItem","position":1,"name":"In\u00edcio","item":"https:\/\/djchoquito.com.br\/"},{"@type":"ListItem","position":2,"name":"Curso de DJ Online"}]},{"@type":"WebSite","@id":"https:\/\/djchoquito.com.br\/#website","url":"https:\/\/djchoquito.com.br\/","name":"DJ Choquito","description":"Dicas de DJ para Iniciantes e Profissionais | Dicas para Sua Festa ou Evento","publisher":{"@id":"https:\/\/djchoquito.com.br\/#\/schema\/person\/233534aa25191ce05dd12a5c1c887c1a"},"potentialAction":[{"@type":"SearchAction","target":{"@type":"EntryPoint","urlTemplate":"https:\/\/djchoquito.com.br\/?s={search_term_string}"},"query-input":{"@type":"PropertyValueSpecification","valueRequired":true,"valueName":"search_term_string"}}],"inLanguage":"en-US"},{"@type":["Person","Organization"],"@id":"https:\/\/djchoquito.com.br\/#\/schema\/person\/233534aa25191ce05dd12a5c1c887c1a","name":"Leonardo Silva (DJ Choquito)","image":{"@type":"ImageObject","inLanguage":"en-US","@id":"https:\/\/djchoquito.com.br\/wp-content\/uploads\/2019\/08\/Logo-DJ-Choquito-2019-e1699882980233.png","url":"https:\/\/djchoquito.com.br\/wp-content\/uploads\/2019\/08\/Logo-DJ-Choquito-2019-e1699882980233.png","contentUrl":"https:\/\/djchoquito.com.br\/wp-content\/uploads\/2019\/08\/Logo-DJ-Choquito-2019-e1699882980233.png","width":228,"height":90,"caption":"Leonardo Silva (DJ Choquito)"},"logo":{"@id":"https:\/\/djchoquito.com.br\/wp-content\/uploads\/2019\/08\/Logo-DJ-Choquito-2019-e1699882980233.png"},"sameAs":["http:\/\/www.djchoquito.com.br","https:\/\/www.facebook.com\/djchoquito","https:\/\/www.instagram.com\/djchoquito","https:\/\/www.youtube.com\/@DJChoquito"]}]}},"_links":{"self":[{"href":"https:\/\/djchoquito.com.br\/en\/wp-json\/wp\/v2\/pages\/1733","targetHints":{"allow":["GET"]}}],"collection":[{"href":"https:\/\/djchoquito.com.br\/en\/wp-json\/wp\/v2\/pages"}],"about":[{"href":"https:\/\/djchoquito.com.br\/en\/wp-json\/wp\/v2\/types\/page"}],"author":[{"embeddable":true,"href":"https:\/\/djchoquito.com.br\/en\/wp-json\/wp\/v2\/users\/1"}],"replies":[{"embeddable":true,"href":"https:\/\/djchoquito.com.br\/en\/wp-json\/wp\/v2\/comments?post=1733"}],"version-history":[{"count":21,"href":"https:\/\/djchoquito.com.br\/en\/wp-json\/wp\/v2\/pages\/1733\/revisions"}],"predecessor-version":[{"id":2421,"href":"https:\/\/djchoquito.com.br\/en\/wp-json\/wp\/v2\/pages\/1733\/revisions\/2421"}],"wp:featuredmedia":[{"embeddable":true,"href":"https:\/\/djchoquito.com.br\/en\/wp-json\/wp\/v2\/media\/1406"}],"wp:attachment":[{"href":"https:\/\/djchoquito.com.br\/en\/wp-json\/wp\/v2\/media?parent=1733"}],"curies":[{"name":"wp","href":"https:\/\/api.w.org\/{rel}","templated":true}]}}